{"id":4898,"date":"2022-08-04T12:30:24","date_gmt":"2022-08-04T10:30:24","guid":{"rendered":"https:\/\/baumkultur-blumenkultur.at\/datenschutzerklaerung\/"},"modified":"2025-12-22T11:31:11","modified_gmt":"2025-12-22T09:31:11","slug":"datenschutzerklaerung","status":"publish","type":"page","link":"https:\/\/baumkultur-blumenkultur.at\/en\/datenschutzerklaerung\/","title":{"rendered":"Datenschutzerkl\u00e4rung"},"content":{"rendered":"\r\n<p class=\"has-text-align-center\"><strong>Erkl\u00e4rung zur Informationspflicht<\/strong><br \/>(Datenschutzerkl\u00e4rung)<\/p>\r\n\r\n\r\n\r\n<p class=\"has-text-align-center\"><br \/>Der Schutz Ihrer pers\u00f6nlichen Daten ist uns ein besonderes Anliegen. Wir verarbeiten Ihre<br \/>Daten daher ausschlie\u00dflich auf Grundlage der gesetzlichen Bestimmungen (DSGVO, TKG<br \/>2003). In diesen Datenschutzinformationen informieren wir Sie \u00fcber die wichtigsten Aspekte<br \/>der Datenverarbeitung im Rahmen unserer Website.<\/p>\r\n<p>&nbsp;<\/p>\r\n<p data-start=\"1042\" data-end=\"1084\"><strong>Verarbeitung personenbezogener Daten<\/strong><\/p>\r\n<p data-start=\"1086\" data-end=\"1208\">Personenbezogene Daten sind alle Daten, mit denen Sie pers\u00f6nlich identifiziert werden k\u00f6nnen (z. B. Name, E-Mail-Adresse).<\/p>\r\n<p data-start=\"1210\" data-end=\"1328\">Wir verarbeiten personenbezogene Daten <strong data-start=\"1249\" data-end=\"1261\">nur dann<\/strong>, wenn Sie uns diese freiwillig zur Verf\u00fcgung stellen, z. B. durch:<\/p>\r\n<ul data-start=\"1330\" data-end=\"1516\">\r\n<li data-start=\"1330\" data-end=\"1373\">\r\n<p data-start=\"1332\" data-end=\"1373\">Kontaktaufnahme per E-Mail oder Telefon<\/p>\r\n<\/li>\r\n<li data-start=\"1374\" data-end=\"1409\">\r\n<p data-start=\"1376\" data-end=\"1409\">Kontaktformular auf der Website<\/p>\r\n<\/li>\r\n<li data-start=\"1410\" data-end=\"1444\">\r\n<p data-start=\"1412\" data-end=\"1444\">Angebots- oder Projektanfragen<\/p>\r\n<\/li>\r\n<li data-start=\"1445\" data-end=\"1516\">\r\n<p data-start=\"1447\" data-end=\"1516\">Gesch\u00e4ftsbeziehungen im Rahmen unserer Event- und Floristikleistungen<\/p>\r\n<\/li>\r\n<\/ul>\r\n\r\n\r\n\r\n<p class=\"has-text-align-center\"><br \/><strong>Kontakt mit uns<\/strong><br \/>Wenn Sie per Formular auf der Website oder per E-Mail Kontakt mit uns aufnehmen, werden<br \/>Ihre angegebenen Daten zwecks Bearbeitung der Anfrage und f\u00fcr den Fall von<br \/>Anschlussfragen sechs Monate bei uns gespeichert. Diese Daten geben wir nicht ohne Ihre<br \/>Einwilligung weiter.<\/p>\r\n<p class=\"has-text-align-center\"><strong data-start=\"1835\" data-end=\"1855\">Rechtsgrundlage:<\/strong><br data-start=\"1855\" data-end=\"1858\" \/>Art. 6 Abs. 1 lit. b DSGVO (Vertrag \/ vorvertragliche Ma\u00dfnahmen)<\/p>\r\n<p>&nbsp;<\/p>\r\n<p data-start=\"1929\" data-end=\"1956\"><strong>Speicherung von Daten<\/strong><\/p>\r\n<p data-start=\"1958\" data-end=\"2180\">Wir speichern personenbezogene Daten nur so lange, wie dies f\u00fcr die jeweiligen Verarbeitungszwecke erforderlich ist bzw. gesetzliche Aufbewahrungsfristen bestehen (z. B. steuer- und unternehmensrechtliche Verpflichtungen).<\/p>\r\n<p class=\"has-text-align-center\"><br \/><br \/><br \/><strong>Cookies<br \/><\/strong>Unsere Website verwendet so genannte Cookies. Dabei handelt es sich um kleine<br \/>Textdateien, die mit Hilfe des Browsers auf Ihrem Endger\u00e4t abgelegt werden. Sie richten<br \/>keinen Schaden an.<br \/>Wir nutzen Cookies dazu, unser Angebot nutzerfreundlich zu gestalten. Einige Cookies<br \/>bleiben auf Ihrem Endger\u00e4t gespeichert, bis Sie diese l\u00f6schen. Sie erm\u00f6glichen es uns, Ihren<br \/>Browser beim n\u00e4chsten Besuch wiederzuerkennen.<br \/>Wenn Sie dies nicht w\u00fcnschen, so k\u00f6nnen Sie Ihren Browser so einrichten, dass er Sie \u00fcber<br \/>das Setzen von Cookies informiert und Sie dies nur im Einzelfall erlauben.<br \/>Bei der Deaktivierung von Cookies kann die Funktionalit\u00e4t unserer Website eingeschr\u00e4nkt<br \/>sein.<\/p>\r\n\r\n\r\n\r\n<p class=\"has-text-align-center\">Zur Verwaltung der eingesetzten Cookies und \u00e4hnlichen Technologien (Tracking-Pixel, Web-Beacons etc.) und diesbez\u00fcglicher Einwilligungen setzen wir das Consent Tool &#8222;Real Cookie Banner&#8220; ein. Details zur Funktionsweise von &#8222;Real Cookie Banner&#8220; findest du unter <a href=\"https:\/\/devowl.io\/de\/rcb\/datenverarbeitung\/\" target=\"_blank\" rel=\"noreferrer noopener\">https:\/\/devowl.io\/de\/rcb\/datenverarbeitung\/<\/a>.<\/p>\r\n\r\n\r\n\r\n<p class=\"has-text-align-center\">Rechtsgrundlagen f\u00fcr die Verarbeitung von personenbezogenen Daten in diesem Zusammenhang sind Art. 6 Abs. 1 lit. c DS-GVO und Art. 6 Abs. 1 lit. f DS-GVO. Unser berechtigtes Interesse ist die Verwaltung der eingesetzten Cookies und \u00e4hnlichen Technologien und der diesbez\u00fcglichen Einwilligungen.<\/p>\r\n\r\n\r\n\r\n<p class=\"has-text-align-center\">Die Bereitstellung der personenbezogenen Daten ist weder vertraglich vorgeschrieben noch f\u00fcr den Abschluss eines Vertrages notwendig. Du bist nicht verpflichtet die personenbezogenen Daten bereitzustellen. Wenn du die personenbezogenen Daten nicht bereitstellst, k\u00f6nnen wir deine Einwilligungen nicht verwalten.<\/p>\r\n\r\n\r\n\r\n<p class=\"has-text-align-center\"><br \/><strong>Web-Analyse<\/strong><br \/>Unsere Website verwendet Funktionen des Webanalysedienstes \u2026 (Google Analytics). Dazu werden Cookies verwendet, die eine Analyse der Benutzung der Website durch Ihre Benutzer erm\u00f6glicht. Die dadurch erzeugten Informationen werden auf den Server des Anbieters \u00fcbertragen und dort<br \/>gespeichert.<br \/>Sie k\u00f6nnen dies verhindern, indem Sie Ihren Browser so einrichten, dass keine Cookies<br \/>gespeichert werden.<br \/>Wir haben mit dem Anbieter einen entsprechenden Vertrag zur Auftragsdatenverarbeitung<br \/>abgeschlossen.<\/p>\r\n\r\n\r\n\r\n<p class=\"has-text-align-center\">Ihre IP-Adresse wird erfasst, aber umgehend [zB durch L\u00f6schung der letzten 8 Bit] pseudonymisiert. Dadurch ist nur mehr eine grobe Lokalisierung m\u00f6glich.<\/p>\r\n<p data-start=\"2771\" data-end=\"2792\"><strong>Server-Logfiles<\/strong><\/p>\r\n<p data-start=\"2794\" data-end=\"2957\">Der Provider der Website erhebt und speichert automatisch Informationen in sogenannten Server-Logfiles, die Ihr Browser automatisch \u00fcbermittelt.<br data-start=\"2938\" data-end=\"2941\" \/>Dies sind z. B.:<\/p>\r\n<ul data-start=\"2959\" data-end=\"3068\">\r\n<li data-start=\"2959\" data-end=\"2973\">\r\n<p data-start=\"2961\" data-end=\"2973\">IP-Adresse<\/p>\r\n<\/li>\r\n<li data-start=\"2974\" data-end=\"3007\">\r\n<p data-start=\"2976\" data-end=\"3007\">Browsertyp und Browserversion<\/p>\r\n<\/li>\r\n<li data-start=\"3008\" data-end=\"3038\">\r\n<p data-start=\"3010\" data-end=\"3038\">verwendetes Betriebssystem<\/p>\r\n<\/li>\r\n<li data-start=\"3039\" data-end=\"3068\">\r\n<p data-start=\"3041\" data-end=\"3068\">Uhrzeit der Serveranfrage<\/p>\r\n<\/li>\r\n<\/ul>\r\n<p data-start=\"3070\" data-end=\"3186\">Diese Daten sind <strong data-start=\"3087\" data-end=\"3127\">nicht bestimmten Personen zuordenbar<\/strong> und werden nicht mit anderen Datenquellen zusammengef\u00fchrt.<\/p>\r\n<p data-start=\"3070\" data-end=\"3186\">\u00a0<\/p>\r\n<p data-start=\"3889\" data-end=\"3931\"><strong>Auftragsverarbeiter &amp; Dienstleister<\/strong><\/p>\r\n<p data-start=\"3933\" data-end=\"4194\">Zur Erf\u00fcllung unserer Leistungen k\u00f6nnen wir Dienstleister einsetzen (z. B. Hosting-Provider, E-Mail-Dienstleister, Buchhaltung).<br data-start=\"4061\" data-end=\"4064\" \/>Diese verarbeiten Daten <strong data-start=\"4088\" data-end=\"4125\">ausschlie\u00dflich in unserem Auftrag<\/strong> und auf Grundlage entsprechender Vereinbarungen gem\u00e4\u00df Art. 28 DSGVO.<\/p>\r\n<p data-start=\"3933\" data-end=\"4194\">\u00a0<\/p>\r\n<p class=\"has-text-align-center\"><br \/>Die Datenverarbeitung erfolgt auf Basis der gesetzlichen Bestimmungen des \u00a7 96 Abs 3 TKG<br \/>sowie des Art 6 Abs 1 lit a (Einwilligung) und\/oder f (berechtigtes Interesse) der DSGVO.<br \/>Unser Anliegen im Sinne der DSGVO (berechtigtes Interesse) ist die Verbesserung unseres<br \/>Angebotes und unseres Webauftritts. Da uns die Privatsph\u00e4re unserer Nutzer wichtig ist,<br \/>werden die Nutzerdaten pseudonymisiert [Pseudonymisierung wird beim Rechtsgrund<br \/>\u201eberechtigtes Interesse\u201c empfohlen; dies muss mit dem Webanalysedienst abgekl\u00e4rt werden].<br \/><br \/><\/p>\r\n<p data-start=\"4401\" data-end=\"4446\"><strong>\u00c4nderungen dieser Datenschutzerkl\u00e4rung<\/strong><\/p>\r\n<p data-start=\"4448\" data-end=\"4587\">Wir behalten uns vor, diese Datenschutzerkl\u00e4rung bei Bedarf anzupassen, damit sie stets den aktuellen rechtlichen Anforderungen entspricht.<\/p>\r\n<p data-start=\"4448\" data-end=\"4587\">\u00a0<\/p>\r\n<p class=\"has-text-align-center\"><br \/><br \/><strong>Ihre Rechte<br \/><\/strong>Ihnen stehen bez\u00fcglich Ihrer bei uns gespeicherten Daten grunds\u00e4tzlich die Rechte auf<br \/>Auskunft, Berichtigung, L\u00f6schung, Einschr\u00e4nkung, Daten\u00fcbertragbarkeit, Widerruf und<br \/>Widerspruch zu. Wenn Sie glauben, dass die Verarbeitung Ihrer Daten gegen das<br \/>Datenschutzrecht verst\u00f6\u00dft oder Ihre datenschutzrechtlichen Anspr\u00fcche sonst in einer Weise<br \/>verletzt worden sind, k\u00f6nnen Sie sich bei uns [office@blumenkultur.at] oder der<br \/>Datenschutzbeh\u00f6rde beschweren.<br \/>Sie erreichen uns unter folgenden Kontaktdaten:<br \/>blumenkultur (office@blumenkultur.at; 0676 31 21 662)<\/p>\r\n\r\n\r\n\r\n<div class=\"wp-block-spacer\" style=\"height: 80px;\" aria-hidden=\"true\">\u00a0<\/div>\r\n","protected":false},"excerpt":{"rendered":"<p>Erkl\u00e4rung zur Informationspflicht(Datenschutzerkl\u00e4rung) Der Schutz Ihrer pers\u00f6nlichen Daten ist uns ein besonderes Anliegen. Wir verarbeiten IhreDaten daher ausschlie\u00dflich auf Grundlage der gesetzlichen Bestimmungen (DSGVO, TKG2003). In diesen Datenschutzinformationen informieren wir Sie \u00fcber die wichtigsten Aspekteder Datenverarbeitung im Rahmen unserer Website. &nbsp; Verarbeitung personenbezogener Daten Personenbezogene Daten sind alle Daten, mit denen Sie pers\u00f6nlich identifiziert werden &hellip;<\/p>","protected":false},"author":159719102,"featured_media":0,"parent":0,"menu_order":0,"comment_status":"closed","ping_status":"closed","template":"","meta":{"footnotes":""},"class_list":["post-4898","page","type-page","status-publish","hentry"],"yoast_head":"<!-- This site is optimized with the Yoast SEO plugin v27.4 - https:\/\/yoast.com\/product\/yoast-seo-wordpress\/ -->\n<title>Datenschutzerkl\u00e4rung - blumenkultur<\/title>\n<meta name=\"description\" content=\"DSGVO\" \/>\n<meta name=\"robots\" content=\"index, follow, max-snippet:-1, max-image-preview:large, max-video-preview:-1\" \/>\n<link rel=\"canonical\" href=\"https:\/\/baumkultur-blumenkultur.at\/en\/datenschutzerklaerung\/\" \/>\n<meta property=\"og:locale\" content=\"en_US\" \/>\n<meta property=\"og:type\" content=\"article\" \/>\n<meta property=\"og:title\" content=\"Datenschutzerkl\u00e4rung - blumenkultur\" \/>\n<meta property=\"og:description\" content=\"DSGVO\" \/>\n<meta property=\"og:url\" content=\"https:\/\/baumkultur-blumenkultur.at\/en\/datenschutzerklaerung\/\" \/>\n<meta property=\"og:site_name\" content=\"blumenkultur\" \/>\n<meta property=\"article:publisher\" content=\"https:\/\/www.facebook.com\/blumenkultur\" \/>\n<meta property=\"article:modified_time\" content=\"2025-12-22T09:31:11+00:00\" \/>\n<meta name=\"twitter:card\" content=\"summary_large_image\" \/>\n<script type=\"application\/ld+json\" class=\"yoast-schema-graph\">{\"@context\":\"https:\\\/\\\/schema.org\",\"@graph\":[{\"@type\":\"WebPage\",\"@id\":\"https:\\\/\\\/baumkultur-blumenkultur.at\\\/datenschutzerklaerung\\\/\",\"url\":\"https:\\\/\\\/baumkultur-blumenkultur.at\\\/datenschutzerklaerung\\\/\",\"name\":\"Datenschutzerkl\u00e4rung - blumenkultur\",\"isPartOf\":{\"@id\":\"https:\\\/\\\/baumkultur-blumenkultur.at\\\/#website\"},\"datePublished\":\"2022-08-04T10:30:24+00:00\",\"dateModified\":\"2025-12-22T09:31:11+00:00\",\"description\":\"DSGVO\",\"breadcrumb\":{\"@id\":\"https:\\\/\\\/baumkultur-blumenkultur.at\\\/datenschutzerklaerung\\\/#breadcrumb\"},\"inLanguage\":\"en-US\",\"potentialAction\":[{\"@type\":\"ReadAction\",\"target\":[\"https:\\\/\\\/baumkultur-blumenkultur.at\\\/datenschutzerklaerung\\\/\"]}]},{\"@type\":\"BreadcrumbList\",\"@id\":\"https:\\\/\\\/baumkultur-blumenkultur.at\\\/datenschutzerklaerung\\\/#breadcrumb\",\"itemListElement\":[{\"@type\":\"ListItem\",\"position\":1,\"name\":\"Startseite\",\"item\":\"https:\\\/\\\/baumkultur-blumenkultur.at\\\/\"},{\"@type\":\"ListItem\",\"position\":2,\"name\":\"Datenschutzerkl\u00e4rung\"}]},{\"@type\":\"WebSite\",\"@id\":\"https:\\\/\\\/baumkultur-blumenkultur.at\\\/#website\",\"url\":\"https:\\\/\\\/baumkultur-blumenkultur.at\\\/\",\"name\":\"blumenkultur\",\"description\":\"\",\"publisher\":{\"@id\":\"https:\\\/\\\/baumkultur-blumenkultur.at\\\/#organization\"},\"potentialAction\":[{\"@type\":\"SearchAction\",\"target\":{\"@type\":\"EntryPoint\",\"urlTemplate\":\"https:\\\/\\\/baumkultur-blumenkultur.at\\\/?s={search_term_string}\"},\"query-input\":{\"@type\":\"PropertyValueSpecification\",\"valueRequired\":true,\"valueName\":\"search_term_string\"}}],\"inLanguage\":\"en-US\"},{\"@type\":\"Organization\",\"@id\":\"https:\\\/\\\/baumkultur-blumenkultur.at\\\/#organization\",\"name\":\"blumenkultur\",\"url\":\"https:\\\/\\\/baumkultur-blumenkultur.at\\\/\",\"logo\":{\"@type\":\"ImageObject\",\"inLanguage\":\"en-US\",\"@id\":\"https:\\\/\\\/baumkultur-blumenkultur.at\\\/#\\\/schema\\\/logo\\\/image\\\/\",\"url\":\"https:\\\/\\\/i0.wp.com\\\/baumkultur-blumenkultur.at\\\/wp-content\\\/uploads\\\/2023\\\/11\\\/blumenkultur-laenglich-.jpg?fit=1484%2C140&ssl=1\",\"contentUrl\":\"https:\\\/\\\/i0.wp.com\\\/baumkultur-blumenkultur.at\\\/wp-content\\\/uploads\\\/2023\\\/11\\\/blumenkultur-laenglich-.jpg?fit=1484%2C140&ssl=1\",\"width\":1484,\"height\":140,\"caption\":\"blumenkultur\"},\"image\":{\"@id\":\"https:\\\/\\\/baumkultur-blumenkultur.at\\\/#\\\/schema\\\/logo\\\/image\\\/\"},\"sameAs\":[\"https:\\\/\\\/www.facebook.com\\\/blumenkultur\",\"https:\\\/\\\/www.instagram.com\\\/blumenkultur\\\/\"]}]}<\/script>\n<!-- \/ Yoast SEO plugin. -->","yoast_head_json":{"title":"Datenschutzerkl\u00e4rung - blumenkultur","description":"DSGVO","robots":{"index":"index","follow":"follow","max-snippet":"max-snippet:-1","max-image-preview":"max-image-preview:large","max-video-preview":"max-video-preview:-1"},"canonical":"https:\/\/baumkultur-blumenkultur.at\/en\/datenschutzerklaerung\/","og_locale":"en_US","og_type":"article","og_title":"Datenschutzerkl\u00e4rung - blumenkultur","og_description":"DSGVO","og_url":"https:\/\/baumkultur-blumenkultur.at\/en\/datenschutzerklaerung\/","og_site_name":"blumenkultur","article_publisher":"https:\/\/www.facebook.com\/blumenkultur","article_modified_time":"2025-12-22T09:31:11+00:00","twitter_card":"summary_large_image","schema":{"@context":"https:\/\/schema.org","@graph":[{"@type":"WebPage","@id":"https:\/\/baumkultur-blumenkultur.at\/datenschutzerklaerung\/","url":"https:\/\/baumkultur-blumenkultur.at\/datenschutzerklaerung\/","name":"Datenschutzerkl\u00e4rung - blumenkultur","isPartOf":{"@id":"https:\/\/baumkultur-blumenkultur.at\/#website"},"datePublished":"2022-08-04T10:30:24+00:00","dateModified":"2025-12-22T09:31:11+00:00","description":"DSGVO","breadcrumb":{"@id":"https:\/\/baumkultur-blumenkultur.at\/datenschutzerklaerung\/#breadcrumb"},"inLanguage":"en-US","potentialAction":[{"@type":"ReadAction","target":["https:\/\/baumkultur-blumenkultur.at\/datenschutzerklaerung\/"]}]},{"@type":"BreadcrumbList","@id":"https:\/\/baumkultur-blumenkultur.at\/datenschutzerklaerung\/#breadcrumb","itemListElement":[{"@type":"ListItem","position":1,"name":"Startseite","item":"https:\/\/baumkultur-blumenkultur.at\/"},{"@type":"ListItem","position":2,"name":"Datenschutzerkl\u00e4rung"}]},{"@type":"WebSite","@id":"https:\/\/baumkultur-blumenkultur.at\/#website","url":"https:\/\/baumkultur-blumenkultur.at\/","name":"blumenkultur","description":"","publisher":{"@id":"https:\/\/baumkultur-blumenkultur.at\/#organization"},"potentialAction":[{"@type":"SearchAction","target":{"@type":"EntryPoint","urlTemplate":"https:\/\/baumkultur-blumenkultur.at\/?s={search_term_string}"},"query-input":{"@type":"PropertyValueSpecification","valueRequired":true,"valueName":"search_term_string"}}],"inLanguage":"en-US"},{"@type":"Organization","@id":"https:\/\/baumkultur-blumenkultur.at\/#organization","name":"blumenkultur","url":"https:\/\/baumkultur-blumenkultur.at\/","logo":{"@type":"ImageObject","inLanguage":"en-US","@id":"https:\/\/baumkultur-blumenkultur.at\/#\/schema\/logo\/image\/","url":"https:\/\/i0.wp.com\/baumkultur-blumenkultur.at\/wp-content\/uploads\/2023\/11\/blumenkultur-laenglich-.jpg?fit=1484%2C140&ssl=1","contentUrl":"https:\/\/i0.wp.com\/baumkultur-blumenkultur.at\/wp-content\/uploads\/2023\/11\/blumenkultur-laenglich-.jpg?fit=1484%2C140&ssl=1","width":1484,"height":140,"caption":"blumenkultur"},"image":{"@id":"https:\/\/baumkultur-blumenkultur.at\/#\/schema\/logo\/image\/"},"sameAs":["https:\/\/www.facebook.com\/blumenkultur","https:\/\/www.instagram.com\/blumenkultur\/"]}]}},"jetpack_likes_enabled":true,"jetpack_shortlink":"https:\/\/wp.me\/Pb5Et9-1h0","jetpack_sharing_enabled":true,"amp_enabled":true,"_links":{"self":[{"href":"https:\/\/baumkultur-blumenkultur.at\/en\/wp-json\/wp\/v2\/pages\/4898","targetHints":{"allow":["GET"]}}],"collection":[{"href":"https:\/\/baumkultur-blumenkultur.at\/en\/wp-json\/wp\/v2\/pages"}],"about":[{"href":"https:\/\/baumkultur-blumenkultur.at\/en\/wp-json\/wp\/v2\/types\/page"}],"author":[{"embeddable":true,"href":"https:\/\/baumkultur-blumenkultur.at\/en\/wp-json\/wp\/v2\/users\/159719102"}],"replies":[{"embeddable":true,"href":"https:\/\/baumkultur-blumenkultur.at\/en\/wp-json\/wp\/v2\/comments?post=4898"}],"version-history":[{"count":10,"href":"https:\/\/baumkultur-blumenkultur.at\/en\/wp-json\/wp\/v2\/pages\/4898\/revisions"}],"predecessor-version":[{"id":10811,"href":"https:\/\/baumkultur-blumenkultur.at\/en\/wp-json\/wp\/v2\/pages\/4898\/revisions\/10811"}],"wp:attachment":[{"href":"https:\/\/baumkultur-blumenkultur.at\/en\/wp-json\/wp\/v2\/media?parent=4898"}],"curies":[{"name":"wp","href":"https:\/\/api.w.org\/{rel}","templated":true}]}}